{"id":158,"date":"2018-06-15T08:35:08","date_gmt":"2018-06-15T06:35:08","guid":{"rendered":"http:\/\/therapieamdom.de\/?page_id=158"},"modified":"2022-11-19T16:41:49","modified_gmt":"2022-11-19T15:41:49","slug":"leistungen","status":"publish","type":"page","link":"https:\/\/therapieamdom.de\/?page_id=158","title":{"rendered":"Leistungen"},"content":{"rendered":"<p>[et_pb_section fb_built=&#8220;1&#8243; _builder_version=&#8220;3.9&#8243; custom_padding=&#8220;0|0px|43px|0px|false|false&#8220;][et_pb_row _builder_version=&#8220;3.0.48&#8243; background_size=&#8220;initial&#8220; background_position=&#8220;top_left&#8220; background_repeat=&#8220;repeat&#8220;][et_pb_column type=&#8220;4_4&#8243; _builder_version=&#8220;3.0.47&#8243; parallax=&#8220;off&#8220; parallax_method=&#8220;on&#8220;][et_pb_image src=&#8220;https:\/\/therapieamdom.de\/wp-content\/uploads\/2022\/08\/seilbahn.jpg&#8220; show_bottom_space=&#8220;off&#8220; _builder_version=&#8220;3.9&#8243; custom_margin=&#8220;0px|||&#8220; custom_padding=&#8220;0px|||&#8220;][\/et_pb_image][\/et_pb_column][\/et_pb_row][\/et_pb_section][et_pb_section fb_built=&#8220;1&#8243; _builder_version=&#8220;3.0.47&#8243;][et_pb_row _builder_version=&#8220;3.0.48&#8243; background_size=&#8220;initial&#8220; background_position=&#8220;top_left&#8220; background_repeat=&#8220;repeat&#8220;][et_pb_column type=&#8220;1_2&#8243; _builder_version=&#8220;3.0.47&#8243; parallax=&#8220;off&#8220; parallax_method=&#8220;on&#8220;][et_pb_text _builder_version=&#8220;3.9&#8243;]<\/p>\n<h2>&#8222;Sprache braucht Bewegung&#8220;<\/h2>\n<p>Wir arbeiten Hand in Hand. Bewegung und Sprache sind sehr eng miteinander verbunden. Schon Kleinkinder erwerben motorische, personelle, soziale und kognitive F\u00e4higkeiten durch Bewegung. Sie be-greifen ihre Umwelt mit allen Sinnen. Auf diese Weise k\u00f6nnen Kinder die Welt der Sprache entdecken. Das Zusammenwirken der Sinne stellt die Basis f\u00fcr eine gelungene Sprachentwicklung dar. So kann Ergotherapie Logop\u00e4die erg\u00e4nzen oder auch erst m\u00f6glich machen. Andersherum k\u00f6nnen Bewegungs\u00fcbungen u.\/o. Wahrnehmungs\u00fcbungen durch sprachlich relevante Inhalte erg\u00e4nzt werden.<br \/>Feinmotorische oder ganzk\u00f6rperliche Bewegungen unterst\u00fctzen zudem bei Aussprachest\u00f6rungen oder einer gesunden Stimmfunktion bei Erwachsenen.<\/p>\n<p><strong>Hierzu einzelne Leistungen im \u00dcberblick:<\/strong><\/p>\n<p>[\/et_pb_text][et_pb_text _builder_version=&#8220;3.9&#8243;]<\/p>\n<h3>Logop\u00e4die<\/h3>\n<p>Die Logop\u00e4die widmet sich der Beratung, Diagnostik und Therapie von Stimm-, Sprach-, Sprech -, Schluck- und H\u00f6rst\u00f6rungen.<\/p>\n<p>Unser Ziel ist es, die sprachliche und stimmliche Kommunikationsf\u00e4higkeit oder das Schlucken zu normalisieren bzw. wiederherzustellen. Dabei nutzen wir moderne Diagnostikverfahren und Therapiemethoden, die eine optimale Versorgung garantieren und individuell abgestimmt werden.<\/p>\n<p><strong>Wir behandeln Erwachsene mit:<\/strong><\/p>\n<ul>\n<li>Erworbenen Sprach- Sprechst\u00f6rungen (z.B. nach Schlaganfall, Unfall, Tumorerkrankungen (z.B. Kehlkopfkrebs) oder neurolog. Erkrankungen wie Parkinson, MS, ALS)<\/li>\n<li>Schluckst\u00f6rungen und Trachealkan\u00fclenmanagement<\/li>\n<li>St\u00f6rung des Planungs- und Bewegungsablaufs der Sprechbewegungen (Apraxie)<\/li>\n<li>Sprachverarbeitungsst\u00f6rung mit Auff\u00e4lligkeiten im Bereich Aufmerksamkeit und Ged\u00e4chtnis (z.B. bei Demenz)<\/li>\n<li>L\u00e4hmungen im Mund- und Gesichtsbereich (Facialisparese)<\/li>\n<li>Stimmst\u00f6rungen (in Folge von falschem Stimmgebrauch o. L\u00e4hmung nach Operationen)<\/li>\n<\/ul>\n<p><strong>Wir behandeln Kinder und Jugendliche mit:<\/strong><\/p>\n<ul>\n<li>Aussprachest\u00f6rungen (Lautvertauschungen, -ersetzungen oder -hinzuf\u00fcgungen)<\/li>\n<li>St\u00f6rungen der Grammatik<\/li>\n<li>St\u00f6rungen des Wortschatzes oder des Sprachverst\u00e4ndnisses<\/li>\n<li>St\u00f6rungen der phonologischen Bewusstheit (Vorschulf\u00e4higkeiten)<\/li>\n<li>St\u00f6rungen in der H\u00f6rwahrnehmung, -verarbeitung (AVWS)<\/li>\n<li>Redeflussst\u00f6rungen (Poltern, Stottern)<\/li>\n<li>St\u00f6rungen des Stimmklangs durch \u201eN\u00e4seln\u201c (z.B. nach LKGS-Spalten)<\/li>\n<li>Sprachtherapie bei Sprachbehinderung (z.B. Autismus, Down-Syndrom, Mutismus)<\/li>\n<li>Schluck- und F\u00fctterst\u00f6rungen im Kindesalter, sowie auch Trachealkan\u00fclenmanagement<\/li>\n<li>Lese-Rechtschreibf\u00f6rderung<\/li>\n<li>Zungenfehlfunktionen bei kieferorthop\u00e4dischen Behandlungen oder Gebissfehlstellungen<\/li>\n<\/ul>\n<p>Altersunabh\u00e4ngig behandeln wir au\u00dferdem H\u00f6rst\u00f6rungen (z.B. nach Versorgung mit H\u00f6rger\u00e4ten und\/oder Cochlea Implant)<\/p>\n<p>[\/et_pb_text][et_pb_text _builder_version=&#8220;3.9&#8243;]<\/p>\n<h3>Ergotherapie<\/h3>\n<p>Im Focus der Ergotherapie steht der Erhalt oder die Verbesserung von nicht vorhandenen oder verloren gegangenen F\u00e4higkeiten. Ergotherapie ist ein ganzheitlicher Ansatz und orientiert sich an Zielen des Patienten bzw. der Eltern. Gemeinsam wird an diesem Ziel gearbeitet, um sich im Alltags-, Schul- oder Berufsleben m\u00f6glichst (wieder) selbstst\u00e4ndig bet\u00e4tigen zu k\u00f6nnen. Daf\u00fcr werden verschiedene handlungsorientierte Methoden (handwerklich, funktionell, gestalterisch oder lebenspraktisch) eingesetzt.<\/p>\n<p><strong>Wir behandeln Erwachsene mit:<\/strong><\/p>\n<ul>\n<li>Neurologischen Erkrankungen (z.B. Schlaganfall, Parkinson, MS)<\/li>\n<li>Rheumatischen Erkrankungen<\/li>\n<li>Erkrankungen vor oder nach handchirurgischen Eingriffen<\/li>\n<li>St\u00f6rungen in der Grob- Feinmotorik<\/li>\n<li>Sensibilit\u00e4tsst\u00f6rungen<\/li>\n<li>Koordinations- und Bewegungsst\u00f6rungen<\/li>\n<li>Aufmerksamkeits- und Konzentrationsproblemen<\/li>\n<li>Psychiatrischen Erkrankungen (Demenz, Depression)<\/li>\n<li>Onkologischen Erkrankungen<\/li>\n<li>Orthop\u00e4dischen Erkrankungen<\/li>\n<\/ul>\n<p><strong>Wir behandeln Kinder mit:<\/strong><\/p>\n<ul>\n<li>St\u00f6rungen der Grob- Feinmotorik<\/li>\n<li>Aufmerksamkeits- und Konzentrationsst\u00f6rungen<\/li>\n<li>AD(H)S<\/li>\n<li>Wahrnehmungsst\u00f6rungen<\/li>\n<li>Lernschwierigkeiten<\/li>\n<li>Sozialen Verhaltensst\u00f6rungen<\/li>\n<li>Koordinations- und Bewegungsst\u00f6rungen<\/li>\n<li>Entwicklungsst\u00f6rungen<\/li>\n<\/ul>\n<p><strong>Auf Anfrage bieten wir auch folgende Fortbildungen und Trainings an:<\/strong><\/p>\n<ul>\n<li>Informationsveranstaltungen f\u00fcr Eltern, Lehrer und Erzieher (z.B. Lese-Rechtschreibst\u00f6rungen, Sprachentwicklung, Feinmotorikf\u00f6rderung, Schulf\u00e4higkeit- was ist das?)<\/li>\n<li>Fortbildungen f\u00fcr Alten- und Pflegeheime bzgl. Schluckst\u00f6rungen, Lagerung und Transfer<\/li>\n<\/ul>\n<p><strong>Stimmtraining:<\/strong><\/p>\n<ul>\n<li>Sie m\u00fcssen beruflich viel sprechen oder m\u00f6chten einfach \u201emehr\u201c aus ihrer Stimme machen? Bei unserem Stimmtraining f\u00fchren wir sie auf den Weg hin zu einer ausdrucksstarken, kraftvollen Stimme. Wir zeigen Ihnen, wie sie ihre stimmlichen Leistungen nachhaltig verbessern k\u00f6nnen.<\/li>\n<\/ul>\n<p><strong>Fit f\u00fcr die Schule:<\/strong><\/p>\n<p>\u201eDas Nutzen und Trainieren aller Sinne ist die Voraussetzung f\u00fcr schulische Erfolge\u201c Ihr Kind ben\u00f6tigt f\u00fcr eine gesunde k\u00f6rperliche und geistige Entwicklung viele Erfahrungen mit dem ganzen K\u00f6rper. Folgendes bieten wir in diesem Kurs an, damit ihr Kind bestm\u00f6glich auf die Schule vorbereitet ist:<\/p>\n<ul>\n<li>viele spielerische \u00dcbungen f\u00fcr die Grob- und Feinmotorik,<\/li>\n<li>Wahrnehmungstrainings (visuell, taktil, auditiv),<\/li>\n<li>F\u00f6rderung der Merk- und Konzentrationsf\u00e4higkeit<\/li>\n<li>Training der phonologischen Bewusstheit (Vorl\u00e4uferf\u00e4higkeiten f\u00fcr das Lesen und Schreiben)\n<\/li>\n<li>\n<p><strong>Der Wortschatzsammler (Motsch et al.)<\/strong><br \/>&#8211; Strategiekonzept f\u00fcr Kindergartenkinder \u2013<br \/>Du wei\u00dft manchmal nicht, wie das hei\u00dft? Du kannst nicht genau erz\u00e4hlen, was du willst, weil dir die W\u00f6rter fehlen oder du dir neue W\u00f6rter nicht gut merken kannst? <br \/>Du bist 4 \u2013 6 Jahre alt?<br \/>Dann bist du richtig bei den Wortschatzsammlern! Die Wortschatzsammler erweitern ihren<br \/>Wortschatz durch ERLEBEN \u2013 HANDELN \u2013 BEGREIFEN.<br \/>Wir gehen thematisch auf die Suche nach neuen W\u00f6rtern und lernen, wie wir nach ihnen fragen und sie uns besser merken k\u00f6nnen.<\/p>\n<p><strong>DELFI\u00ae-Kurs:<\/strong><br \/>In diesem Kurs bekommen sie Ideen, wie sie die Entwicklung ihres Babys (bis zum 1. Lebensjahr) spielerisch f\u00f6rdern k\u00f6nnen. Durch verschiedene Bewegungs- und Wahrnehmungsangebote, je nach Entwicklungsstand, k\u00f6nnen die Kleinen ihre Welt mit allen Sinnen (be-)greifen lernen und erste soziale Kontakte kn\u00fcpfen. Der Austausch untereinander sowie praktische Tipps der Kursleitung runden den Kurs ab.<\/p>\n<\/li>\n<\/ul>\n<p><span style=\"color: #919191;\"><em>Die Angebote finden jeweils in Kleingruppen von 4 Personen, 10x a 45-60 Minuten statt. Preise auf Anfrage. Hinweis: Gruppenangebote sind Privatleistungen und werden nicht von gesetzlichen Krankenkassen \u00fcbernommen.<\/em><\/span><\/p>\n<p>&nbsp;<\/p>\n<p>[\/et_pb_text][et_pb_text _builder_version=&#8220;3.9&#8243;][\/et_pb_text][\/et_pb_column][et_pb_column type=&#8220;1_2&#8243; _builder_version=&#8220;3.0.47&#8243; parallax=&#8220;off&#8220; parallax_method=&#8220;on&#8220;][et_pb_image src=&#8220;https:\/\/therapieamdom.de\/wp-content\/uploads\/2022\/08\/shshshshsh.jpg&#8220; align=&#8220;right&#8220; _builder_version=&#8220;3.9&#8243; max_width=&#8220;75%&#8220;][\/et_pb_image][et_pb_image src=&#8220;https:\/\/therapieamdom.de\/wp-content\/uploads\/2022\/08\/ringe.jpg&#8220; align=&#8220;right&#8220; _builder_version=&#8220;3.9&#8243; max_width=&#8220;75%&#8220;][\/et_pb_image][et_pb_image src=&#8220;https:\/\/therapieamdom.de\/wp-content\/uploads\/2022\/08\/klettern1.jpg&#8220; align=&#8220;right&#8220; _builder_version=&#8220;3.9&#8243; max_width=&#8220;75%&#8220;][\/et_pb_image][et_pb_image src=&#8220;https:\/\/therapieamdom.de\/wp-content\/uploads\/2022\/08\/kaufmann.jpg&#8220; align=&#8220;right&#8220; _builder_version=&#8220;3.9&#8243; max_width=&#8220;75%&#8220;][\/et_pb_image][et_pb_image src=&#8220;https:\/\/therapieamdom.de\/wp-content\/uploads\/2022\/08\/saegen.jpg&#8220; align=&#8220;right&#8220; _builder_version=&#8220;3.9&#8243; max_width=&#8220;75%&#8220;][\/et_pb_image][et_pb_image src=&#8220;https:\/\/therapieamdom.de\/wp-content\/uploads\/2022\/08\/malen.jpg&#8220; align=&#8220;right&#8220; _builder_version=&#8220;3.9&#8243; max_width=&#8220;75%&#8220;][\/et_pb_image][\/et_pb_column][\/et_pb_row][\/et_pb_section]<\/p>\n","protected":false},"excerpt":{"rendered":"<p>[et_pb_section fb_built=&#8220;1&#8243; _builder_version=&#8220;3.9&#8243; custom_padding=&#8220;0|0px|43px|0px|false|false&#8220;][et_pb_row _builder_version=&#8220;3.0.48&#8243; background_size=&#8220;initial&#8220; background_position=&#8220;top_left&#8220; background_repeat=&#8220;repeat&#8220;][et_pb_column type=&#8220;4_4&#8243; _builder_version=&#8220;3.0.47&#8243; parallax=&#8220;off&#8220; parallax_method=&#8220;on&#8220;][et_pb_image src=&#8220;https:\/\/therapieamdom.de\/wp-content\/uploads\/2022\/08\/seilbahn.jpg&#8220; show_bottom_space=&#8220;off&#8220; _builder_version=&#8220;3.9&#8243; custom_margin=&#8220;0px|||&#8220; custom_padding=&#8220;0px|||&#8220;][\/et_pb_image][\/et_pb_column][\/et_pb_row][\/et_pb_section][et_pb_section fb_built=&#8220;1&#8243; _builder_version=&#8220;3.0.47&#8243;][et_pb_row _builder_version=&#8220;3.0.48&#8243; background_size=&#8220;initial&#8220; background_position=&#8220;top_left&#8220; background_repeat=&#8220;repeat&#8220;][et_pb_column type=&#8220;1_2&#8243; _builder_version=&#8220;3.0.47&#8243; parallax=&#8220;off&#8220; parallax_method=&#8220;on&#8220;][et_pb_text _builder_version=&#8220;3.9&#8243;] &#8222;Sprache braucht Bewegung&#8220; Wir arbeiten Hand in Hand. Bewegung und Sprache sind sehr eng miteinander verbunden. Schon Kleinkinder erwerben motorische, personelle, soziale und kognitive F\u00e4higkeiten durch Bewegung. [&hellip;]<\/p>\n","protected":false},"author":1,"featured_media":0,"parent":2,"menu_order":0,"comment_status":"closed","ping_status":"open","template":"","meta":[],"_links":{"self":[{"href":"https:\/\/therapieamdom.de\/index.php?rest_route=\/wp\/v2\/pages\/158"}],"collection":[{"href":"https:\/\/therapieamdom.de\/index.php?rest_route=\/wp\/v2\/pages"}],"about":[{"href":"https:\/\/therapieamdom.de\/index.php?rest_route=\/wp\/v2\/types\/page"}],"author":[{"embeddable":true,"href":"https:\/\/therapieamdom.de\/index.php?rest_route=\/wp\/v2\/users\/1"}],"replies":[{"embeddable":true,"href":"https:\/\/therapieamdom.de\/index.php?rest_route=%2Fwp%2Fv2%2Fcomments&post=158"}],"version-history":[{"count":36,"href":"https:\/\/therapieamdom.de\/index.php?rest_route=\/wp\/v2\/pages\/158\/revisions"}],"predecessor-version":[{"id":596,"href":"https:\/\/therapieamdom.de\/index.php?rest_route=\/wp\/v2\/pages\/158\/revisions\/596"}],"up":[{"embeddable":true,"href":"https:\/\/therapieamdom.de\/index.php?rest_route=\/wp\/v2\/pages\/2"}],"wp:attachment":[{"href":"https:\/\/therapieamdom.de\/index.php?rest_route=%2Fwp%2Fv2%2Fmedia&parent=158"}],"curies":[{"name":"wp","href":"https:\/\/api.w.org\/{rel}","templated":true}]}}